{"id":540,"date":"2024-01-27T08:42:48","date_gmt":"2024-01-27T08:42:48","guid":{"rendered":"https:\/\/thepixelcurve.com\/edubin\/ld\/reset-password\/"},"modified":"2024-01-27T08:42:48","modified_gmt":"2024-01-27T08:42:48","slug":"reset-password-2","status":"publish","type":"page","link":"https:\/\/fpk-university.com\/es\/reset-password-2\/","title":{"rendered":"Reset Password"},"content":{"rendered":"<div class=\"event-wrapper-shortcode reset-password\"><form name=\"resetpassform\" action=\"https:\/\/fpk-university.com\/wp-login.php?action=resetpass\" method=\"POST\" class=\"event-auth-form\">\r\n\t<input type=\"hidden\" name=\"user_login\" value=\"\" \/>\r\n\r\n\t<div class=\"user-pass1-wrap\">\r\n\t\t<p class=\"form-row required\">\r\n\t\t\t<label for=\"pass1\">Password<\/label>\r\n\t\t<\/p>\r\n\r\n\t\t<div class=\"wp-pwd\">\r\n\t\t\t<span class=\"password-input-wrapper\">\r\n\t\t\t\t<input type=\"password\"  class=\"event_auth_input\" name=\"pass1\" \/>\r\n\t\t\t<\/span>\r\n\t\t<\/div>\r\n\t<\/div>\r\n\r\n\t<div class=\"user-pass2-wrap\">\r\n\t\t<p class=\"form-row required\">\r\n\t\t\t<label for=\"pass2\">Confirm Password<\/label>\r\n\t\t<\/p>\r\n\r\n\t\t<div class=\"wp-pwd\">\r\n\t\t\t<span class=\"password-input-wrapper\">\r\n\t\t\t\t<input type=\"password\" name=\"pass2\" class=\"event_auth_input\" \/>\r\n\t\t\t<\/span>\r\n\t\t<\/div>\r\n\t<\/div>\r\n\r\n\t<p class=\"description indicator-hint\">Sugerencia: La contrase\u00f1a debe ser de al menos doce caracteres. Para hacerla m\u00e1s fuerte usa may\u00fasculas y min\u00fasculas, n\u00fameros y s\u00edmbolos como ! \" ? $ % ^ y ).<\/p>\r\n\r\n\t\t<input type=\"hidden\" name=\"key\" value=\"\" \/>\r\n\t<p class=\"submit form-row required\">\r\n\t\t<input type=\"submit\" name=\"submit\" class=\"button button-primary button-large\" value=\"Reset Password\" \/>\r\n\t<\/p>\r\n<\/form>\r\n\r\n<p id=\"nav\">\r\n\t\t\t<a href=\"https:\/\/fpk-university.com\/wp-login.php\">Log in<\/a>\r\n\t\t<\/p>\r\n<\/div>","protected":false},"excerpt":{"rendered":"","protected":false},"author":1,"featured_media":0,"parent":0,"menu_order":0,"comment_status":"closed","ping_status":"closed","template":"","meta":{"footnotes":""},"class_list":["post-540","page","type-page","status-publish","hentry"],"yoast_head":"<!-- This site is optimized with the Yoast SEO Premium plugin v23.8 (Yoast SEO v27.3) - https:\/\/yoast.com\/product\/yoast-seo-premium-wordpress\/ -->\n<title>Reset Password - FPK-NEST<\/title>\n<meta name=\"robots\" content=\"index, follow, max-snippet:-1, max-image-preview:large, max-video-preview:-1\" \/>\n<link rel=\"canonical\" href=\"https:\/\/fpk-university.com\/es\/reset-password-2\/\" \/>\n<meta property=\"og:locale\" content=\"es_ES\" \/>\n<meta property=\"og:type\" content=\"article\" \/>\n<meta property=\"og:title\" content=\"Reset Password\" \/>\n<meta property=\"og:url\" content=\"https:\/\/fpk-university.com\/es\/reset-password-2\/\" \/>\n<meta property=\"og:site_name\" content=\"FPK-NEST\" \/>\n<meta property=\"article:publisher\" content=\"https:\/\/www.facebook.com\/profile.php?id=61561851751626\" \/>\n<meta property=\"og:image\" content=\"https:\/\/fpk-university.com\/wp-content\/uploads\/2024\/11\/Capture-1.png\" \/>\n\t<meta property=\"og:image:width\" content=\"1856\" \/>\n\t<meta property=\"og:image:height\" content=\"922\" \/>\n\t<meta property=\"og:image:type\" content=\"image\/png\" \/>\n<meta name=\"twitter:card\" content=\"summary_large_image\" \/>\n<script type=\"application\/ld+json\" class=\"yoast-schema-graph\">{\"@context\":\"https:\\\/\\\/schema.org\",\"@graph\":[{\"@type\":\"WebPage\",\"@id\":\"https:\\\/\\\/fpk-university.com\\\/reset-password-2\\\/\",\"url\":\"https:\\\/\\\/fpk-university.com\\\/reset-password-2\\\/\",\"name\":\"Reset Password - FPK-NEST\",\"isPartOf\":{\"@id\":\"https:\\\/\\\/fpk-university.com\\\/#website\"},\"datePublished\":\"2024-01-27T08:42:48+00:00\",\"breadcrumb\":{\"@id\":\"https:\\\/\\\/fpk-university.com\\\/reset-password-2\\\/#breadcrumb\"},\"inLanguage\":\"es\",\"potentialAction\":[{\"@type\":\"ReadAction\",\"target\":[\"https:\\\/\\\/fpk-university.com\\\/reset-password-2\\\/\"]}]},{\"@type\":\"BreadcrumbList\",\"@id\":\"https:\\\/\\\/fpk-university.com\\\/reset-password-2\\\/#breadcrumb\",\"itemListElement\":[{\"@type\":\"ListItem\",\"position\":1,\"name\":\"Home\",\"item\":\"https:\\\/\\\/fpk-university.com\\\/\"},{\"@type\":\"ListItem\",\"position\":2,\"name\":\"Reset Password\"}]},{\"@type\":\"WebSite\",\"@id\":\"https:\\\/\\\/fpk-university.com\\\/#website\",\"url\":\"https:\\\/\\\/fpk-university.com\\\/\",\"name\":\"FPK Plus Kairouan\",\"description\":\"Private Faculty in Kairouan\",\"publisher\":{\"@id\":\"https:\\\/\\\/fpk-university.com\\\/#organization\"},\"potentialAction\":[{\"@type\":\"SearchAction\",\"target\":{\"@type\":\"EntryPoint\",\"urlTemplate\":\"https:\\\/\\\/fpk-university.com\\\/?s={search_term_string}\"},\"query-input\":{\"@type\":\"PropertyValueSpecification\",\"valueRequired\":true,\"valueName\":\"search_term_string\"}}],\"inLanguage\":\"es\"},{\"@type\":\"Organization\",\"@id\":\"https:\\\/\\\/fpk-university.com\\\/#organization\",\"name\":\"FPK Plus\",\"url\":\"https:\\\/\\\/fpk-university.com\\\/\",\"logo\":{\"@type\":\"ImageObject\",\"inLanguage\":\"es\",\"@id\":\"https:\\\/\\\/fpk-university.com\\\/#\\\/schema\\\/logo\\\/image\\\/\",\"url\":\"https:\\\/\\\/fpk-university.com\\\/wp-content\\\/uploads\\\/2024\\\/02\\\/Design-sans-titre-2.png\",\"contentUrl\":\"https:\\\/\\\/fpk-university.com\\\/wp-content\\\/uploads\\\/2024\\\/02\\\/Design-sans-titre-2.png\",\"width\":500,\"height\":500,\"caption\":\"FPK Plus\"},\"image\":{\"@id\":\"https:\\\/\\\/fpk-university.com\\\/#\\\/schema\\\/logo\\\/image\\\/\"},\"sameAs\":[\"https:\\\/\\\/www.facebook.com\\\/profile.php?id=61561851751626\",\"https:\\\/\\\/www.youtube.com\\\/@FacultepriveeKairouan\"]}]}<\/script>\n<!-- \/ Yoast SEO Premium plugin. -->","yoast_head_json":{"title":"Reset Password - FPK-NEST","robots":{"index":"index","follow":"follow","max-snippet":"max-snippet:-1","max-image-preview":"max-image-preview:large","max-video-preview":"max-video-preview:-1"},"canonical":"https:\/\/fpk-university.com\/es\/reset-password-2\/","og_locale":"es_ES","og_type":"article","og_title":"Reset Password","og_url":"https:\/\/fpk-university.com\/es\/reset-password-2\/","og_site_name":"FPK-NEST","article_publisher":"https:\/\/www.facebook.com\/profile.php?id=61561851751626","og_image":[{"width":1856,"height":922,"url":"https:\/\/fpk-university.com\/wp-content\/uploads\/2024\/11\/Capture-1.png","type":"image\/png"}],"twitter_card":"summary_large_image","schema":{"@context":"https:\/\/schema.org","@graph":[{"@type":"WebPage","@id":"https:\/\/fpk-university.com\/reset-password-2\/","url":"https:\/\/fpk-university.com\/reset-password-2\/","name":"Reset Password - FPK-NEST","isPartOf":{"@id":"https:\/\/fpk-university.com\/#website"},"datePublished":"2024-01-27T08:42:48+00:00","breadcrumb":{"@id":"https:\/\/fpk-university.com\/reset-password-2\/#breadcrumb"},"inLanguage":"es","potentialAction":[{"@type":"ReadAction","target":["https:\/\/fpk-university.com\/reset-password-2\/"]}]},{"@type":"BreadcrumbList","@id":"https:\/\/fpk-university.com\/reset-password-2\/#breadcrumb","itemListElement":[{"@type":"ListItem","position":1,"name":"Home","item":"https:\/\/fpk-university.com\/"},{"@type":"ListItem","position":2,"name":"Reset Password"}]},{"@type":"WebSite","@id":"https:\/\/fpk-university.com\/#website","url":"https:\/\/fpk-university.com\/","name":"FPK Plus Kairouan","description":"Private Faculty in Kairouan","publisher":{"@id":"https:\/\/fpk-university.com\/#organization"},"potentialAction":[{"@type":"SearchAction","target":{"@type":"EntryPoint","urlTemplate":"https:\/\/fpk-university.com\/?s={search_term_string}"},"query-input":{"@type":"PropertyValueSpecification","valueRequired":true,"valueName":"search_term_string"}}],"inLanguage":"es"},{"@type":"Organization","@id":"https:\/\/fpk-university.com\/#organization","name":"FPK Plus","url":"https:\/\/fpk-university.com\/","logo":{"@type":"ImageObject","inLanguage":"es","@id":"https:\/\/fpk-university.com\/#\/schema\/logo\/image\/","url":"https:\/\/fpk-university.com\/wp-content\/uploads\/2024\/02\/Design-sans-titre-2.png","contentUrl":"https:\/\/fpk-university.com\/wp-content\/uploads\/2024\/02\/Design-sans-titre-2.png","width":500,"height":500,"caption":"FPK Plus"},"image":{"@id":"https:\/\/fpk-university.com\/#\/schema\/logo\/image\/"},"sameAs":["https:\/\/www.facebook.com\/profile.php?id=61561851751626","https:\/\/www.youtube.com\/@FacultepriveeKairouan"]}]}},"_links":{"self":[{"href":"https:\/\/fpk-university.com\/es\/wp-json\/wp\/v2\/pages\/540","targetHints":{"allow":["GET"]}}],"collection":[{"href":"https:\/\/fpk-university.com\/es\/wp-json\/wp\/v2\/pages"}],"about":[{"href":"https:\/\/fpk-university.com\/es\/wp-json\/wp\/v2\/types\/page"}],"author":[{"embeddable":true,"href":"https:\/\/fpk-university.com\/es\/wp-json\/wp\/v2\/users\/1"}],"replies":[{"embeddable":true,"href":"https:\/\/fpk-university.com\/es\/wp-json\/wp\/v2\/comments?post=540"}],"version-history":[{"count":0,"href":"https:\/\/fpk-university.com\/es\/wp-json\/wp\/v2\/pages\/540\/revisions"}],"wp:attachment":[{"href":"https:\/\/fpk-university.com\/es\/wp-json\/wp\/v2\/media?parent=540"}],"curies":[{"name":"wp","href":"https:\/\/api.w.org\/{rel}","templated":true}]}}